{"id":2406,"date":"2024-04-23T22:39:47","date_gmt":"2024-04-24T01:39:47","guid":{"rendered":"https:\/\/mybestfriend.com.ar\/?post_type=product&#038;p=2406"},"modified":"2026-01-02T09:57:45","modified_gmt":"2026-01-02T12:57:45","slug":"bolso-transportador-de-mascotas-2","status":"publish","type":"product","link":"https:\/\/mybestfriend.com.ar\/en\/product\/bolso-transportador-de-mascotas-2\/","title":{"rendered":"Premium Pet Bag"},"content":{"rendered":"","protected":false},"excerpt":{"rendered":"<p>Bolso PREMIUM transportador ideal para mascotas<\/p>\n<p>Este Bolso para mascotas est\u00e1 dise\u00f1ado para el aire libre y viajes, no solamente para la comodidad de la mascota sino tambi\u00e9n del usuario que la transporta.<\/p>\n<p>Es un bolso elegante y hermoso a la vista que atrae miradas, adem\u00e1s de su alfombra interna suave, resistente y robusta permite que tu mascota descanse y se sienta c\u00f3moda y calmada.<\/p>\n<p>Tambi\u00e9n puedes utilizar esta bolsa de viaje plegable para llevar a tu mascota a tomar un ba\u00f1o, ir al hospital, ir al supermercado, e incluso ir de compras.<\/p>\n<p>\u2013 Material: OXFORD FABRIC + NYLON FABRIC<\/p>\n<p>En My Best Friend nos ocupamos de proveer productos \u00fatiles, funcionales, y de calidad para el disfrute de nuestras mascotas.<\/p>\n<p>Puedes retirar tu compra en la zona de Palermo de Lunes a Viernes de 9:00 a 18:00 y S\u00e1bados de 9:00 a 12:30<\/p>","protected":false},"featured_media":2926,"comment_status":"open","ping_status":"closed","template":"","meta":{"_joinchat":[]},"etheme_brands":[{"term_id":51,"name":"Bolsos transportadores","slug":"bolsos-transportadores","term_group":0,"term_taxonomy_id":51,"taxonomy":"brand","description":"Bolsos para paseos y viajes","parent":0,"count":3,"filter":"raw"}],"product_brand":[],"product_cat":[33,38,43,20,34,15],"product_tag":[53,66],"class_list":{"0":"post-2406","1":"product","2":"type-product","3":"status-publish","4":"has-post-thumbnail","6":"brand-bolsos-transportadores","7":"product_cat-accesorios","8":"product_cat-cachorros","9":"product_cat-gatos","10":"product_cat-ofertas","11":"product_cat-perros","12":"product_cat-todo","13":"product_tag-bolso","14":"product_tag-mochila","15":"product_shipping_class-correo-argentino","17":"first","18":"outofstock","19":"sale","20":"shipping-taxable","21":"purchasable","22":"product-type-simple"},"_links":{"self":[{"href":"https:\/\/mybestfriend.com.ar\/en\/wp-json\/wp\/v2\/product\/2406","targetHints":{"allow":["GET"]}}],"collection":[{"href":"https:\/\/mybestfriend.com.ar\/en\/wp-json\/wp\/v2\/product"}],"about":[{"href":"https:\/\/mybestfriend.com.ar\/en\/wp-json\/wp\/v2\/types\/product"}],"replies":[{"embeddable":true,"href":"https:\/\/mybestfriend.com.ar\/en\/wp-json\/wp\/v2\/comments?post=2406"}],"version-history":[{"count":6,"href":"https:\/\/mybestfriend.com.ar\/en\/wp-json\/wp\/v2\/product\/2406\/revisions"}],"predecessor-version":[{"id":3712,"href":"https:\/\/mybestfriend.com.ar\/en\/wp-json\/wp\/v2\/product\/2406\/revisions\/3712"}],"wp:featuredmedia":[{"embeddable":true,"href":"https:\/\/mybestfriend.com.ar\/en\/wp-json\/wp\/v2\/media\/2926"}],"wp:attachment":[{"href":"https:\/\/mybestfriend.com.ar\/en\/wp-json\/wp\/v2\/media?parent=2406"}],"wp:term":[{"taxonomy":"brand","embeddable":true,"href":"https:\/\/mybestfriend.com.ar\/en\/wp-json\/wp\/v2\/etheme_brands?post=2406"},{"taxonomy":"product_brand","embeddable":true,"href":"https:\/\/mybestfriend.com.ar\/en\/wp-json\/wp\/v2\/product_brand?post=2406"},{"taxonomy":"product_cat","embeddable":true,"href":"https:\/\/mybestfriend.com.ar\/en\/wp-json\/wp\/v2\/product_cat?post=2406"},{"taxonomy":"product_tag","embeddable":true,"href":"https:\/\/mybestfriend.com.ar\/en\/wp-json\/wp\/v2\/product_tag?post=2406"}],"curies":[{"name":"wp","href":"https:\/\/api.w.org\/{rel}","templated":true}]}}