{"id":2430,"date":"2024-04-25T22:52:04","date_gmt":"2024-04-26T01:52:04","guid":{"rendered":"https:\/\/mybestfriend.com.ar\/?post_type=product&#038;p=2430"},"modified":"2026-02-10T14:58:39","modified_gmt":"2026-02-10T17:58:39","slug":"dispenser-programable-smart-app-video-1080-hd","status":"publish","type":"product","link":"https:\/\/mybestfriend.com.ar\/en\/product\/dispenser-programable-smart-app-video-1080-hd\/","title":{"rendered":"Smart App video 1080 HD programmable dispenser"},"content":{"rendered":"","protected":false},"excerpt":{"rendered":"<p>Ya no tendr\u00e1s que preocuparte cuando te encuentres trabajando o de viaje: el temporizador te brinda la posibilidad de personalizar la hora espec\u00edfica y raciones para tu amigo de cuatro patas y que nunca le falte su comida.<\/p>\n<p>Control a\u00fan fuera de casa<br \/>\nLa c\u00e1mara integrada te permite controlar los movimientos de tu mascota y estar al tanto de imprevistos sin importar donde te encuentres.<\/p>\n<p>\u00a1A comer!<br \/>\nGracias a que posee grabaci\u00f3n de audio, vas a poder recordarle la hora de comer a tu compa\u00f1ero fiel de una manera f\u00e1cil, divertida e interactiva. S\u00f3lo deber\u00e1s registrar un sonido o comando de voz y \u00a1listo!<\/p>\n<p>A prueba de hocicos curiosos<br \/>\nEste producto tambi\u00e9n posee una funci\u00f3n que bloquea el panel de comandos que se encuentra en el dispenser. De esta forma, evit\u00e1s que tu amigo peludo toque y modifique accidentalmente los programas de comida.<\/p>\n<p>Somos My Best Friend.!<\/p>\n<p>Puedes retirar tu compra en la Zona de Palermo de lunes a viernes 9:00 a 18:00 y s\u00e1bados de 9:00 a 12:30<\/p>\n<ul class=\"ui-vpp-highlighted-specs__features-list\">\n<li class=\"ui-vpp-highlighted-specs__features-list-item ui-pdp-color--BLACK ui-pdp-size--XSMALL ui-pdp-family--REGULAR\">Capacidad en peso: 4 kg<\/li>\n<li class=\"ui-vpp-highlighted-specs__features-list-item ui-pdp-color--BLACK ui-pdp-size--XSMALL ui-pdp-family--REGULAR\">Capacidad en volumen: 4 L<\/li>\n<li class=\"ui-vpp-highlighted-specs__features-list-item ui-pdp-color--BLACK ui-pdp-size--XSMALL ui-pdp-family--REGULAR\">Capacidad para 4L o 4kg.<\/li>\n<li class=\"ui-vpp-highlighted-specs__features-list-item ui-pdp-color--BLACK ui-pdp-size--XSMALL ui-pdp-family--REGULAR\">Fabricado en pl\u00e1stico.<\/li>\n<li class=\"ui-vpp-highlighted-specs__features-list-item ui-pdp-color--BLACK ui-pdp-size--XSMALL ui-pdp-family--REGULAR\">Permite el control mediante un smartphone.<\/li>\n<li class=\"ui-vpp-highlighted-specs__features-list-item ui-pdp-color--BLACK ui-pdp-size--XSMALL ui-pdp-family--REGULAR\">Conexi\u00f3n wifi.<\/li>\n<li class=\"ui-vpp-highlighted-specs__features-list-item ui-pdp-color--BLACK ui-pdp-size--XSMALL ui-pdp-family--REGULAR\">Funci\u00f3n de grabaci\u00f3n de audio.<\/li>\n<li class=\"ui-vpp-highlighted-specs__features-list-item ui-pdp-color--BLACK ui-pdp-size--XSMALL ui-pdp-family--REGULAR\">Compatible con Android.<\/li>\n<li class=\"ui-vpp-highlighted-specs__features-list-item ui-pdp-color--BLACK ui-pdp-size--XSMALL ui-pdp-family--REGULAR\">Recomendado para perros Peque\u00f1a, y gatos Peque\u00f1a.<\/li>\n<li class=\"ui-vpp-highlighted-specs__features-list-item ui-pdp-color--BLACK ui-pdp-size--XSMALL ui-pdp-family--REGULAR\">Lo mejor para la alimentaci\u00f3n de tu mascota.<\/li>\n<\/ul>\n<p>Comedero de Acero inoxidable, NO PLASTICO.<\/p>\n<p>&nbsp;<\/p>","protected":false},"featured_media":2972,"comment_status":"open","ping_status":"closed","template":"","meta":{"_joinchat":[]},"etheme_brands":[{"term_id":59,"name":"Dispenser de Alimentos","slug":"dispenser-de-alimentos","term_group":0,"term_taxonomy_id":59,"taxonomy":"brand","description":"Comederos y bebederos autom\u00e1ticos ","parent":0,"count":4,"filter":"raw"}],"product_brand":[],"product_cat":[33,38,43,20,34,15],"product_tag":[69],"class_list":{"0":"post-2430","1":"product","2":"type-product","3":"status-publish","4":"has-post-thumbnail","6":"brand-dispenser-de-alimentos","7":"product_cat-accesorios","8":"product_cat-cachorros","9":"product_cat-gatos","10":"product_cat-ofertas","11":"product_cat-perros","12":"product_cat-todo","13":"product_tag-comederos","14":"product_shipping_class-correo-argentino","16":"first","17":"instock","18":"sale","19":"featured","20":"shipping-taxable","21":"purchasable","22":"product-type-simple"},"_links":{"self":[{"href":"https:\/\/mybestfriend.com.ar\/en\/wp-json\/wp\/v2\/product\/2430","targetHints":{"allow":["GET"]}}],"collection":[{"href":"https:\/\/mybestfriend.com.ar\/en\/wp-json\/wp\/v2\/product"}],"about":[{"href":"https:\/\/mybestfriend.com.ar\/en\/wp-json\/wp\/v2\/types\/product"}],"replies":[{"embeddable":true,"href":"https:\/\/mybestfriend.com.ar\/en\/wp-json\/wp\/v2\/comments?post=2430"}],"version-history":[{"count":4,"href":"https:\/\/mybestfriend.com.ar\/en\/wp-json\/wp\/v2\/product\/2430\/revisions"}],"predecessor-version":[{"id":3724,"href":"https:\/\/mybestfriend.com.ar\/en\/wp-json\/wp\/v2\/product\/2430\/revisions\/3724"}],"wp:featuredmedia":[{"embeddable":true,"href":"https:\/\/mybestfriend.com.ar\/en\/wp-json\/wp\/v2\/media\/2972"}],"wp:attachment":[{"href":"https:\/\/mybestfriend.com.ar\/en\/wp-json\/wp\/v2\/media?parent=2430"}],"wp:term":[{"taxonomy":"brand","embeddable":true,"href":"https:\/\/mybestfriend.com.ar\/en\/wp-json\/wp\/v2\/etheme_brands?post=2430"},{"taxonomy":"product_brand","embeddable":true,"href":"https:\/\/mybestfriend.com.ar\/en\/wp-json\/wp\/v2\/product_brand?post=2430"},{"taxonomy":"product_cat","embeddable":true,"href":"https:\/\/mybestfriend.com.ar\/en\/wp-json\/wp\/v2\/product_cat?post=2430"},{"taxonomy":"product_tag","embeddable":true,"href":"https:\/\/mybestfriend.com.ar\/en\/wp-json\/wp\/v2\/product_tag?post=2430"}],"curies":[{"name":"wp","href":"https:\/\/api.w.org\/{rel}","templated":true}]}}