{"id":2437,"date":"2024-04-28T22:03:23","date_gmt":"2024-04-29T01:03:23","guid":{"rendered":"https:\/\/mybestfriend.com.ar\/?post_type=product&#038;p=2437"},"modified":"2025-12-26T16:02:30","modified_gmt":"2025-12-26T19:02:30","slug":"bebedero-portatil","status":"publish","type":"product","link":"https:\/\/mybestfriend.com.ar\/en\/product\/bebedero-portatil\/","title":{"rendered":"Bebedero Botella Port\u00e1til con filtro de Carb\u00f3n 550ml"},"content":{"rendered":"<p>El Bebedero dispenser port\u00e1til, est\u00e1<\/p>\n<p>hecha con pl\u00e1stico dede grado alimentario, seguro y saludable para tus mascotas. El anillo de silicona de sellado de alta calidad bloquear\u00e1 el agua por lo que no mojar\u00e1 tu bolsa cuando lo coloques.<\/p>\n<p>&nbsp;<\/p>\n<p>La botella de agua port\u00e1til para mascotas es ideal para caminar y hacer viajes con tu perro o gato.<\/p>\n<p>Colores disponibles:<\/p>\n<ul>\n<li>Rosa<\/li>\n<li>Azul<\/li>\n<\/ul>","protected":false},"excerpt":{"rendered":"<p>El Bebedero dispenser port\u00e1til con filtro de carb\u00f3n y porta snacks de My Best Friend tiene caracter\u00edsticas particulares \u00fanicas.<\/p>\n<p>Posee un filtro de carb\u00f3n purificador que permite suministrar a tu mascota un agua totalmente sana y as\u00ed disminuir las posibilidades de enfermedades.<\/p>\n<p>Seguro y saludable para tus mascotas. El anillo de silicona de sellado de alta calidad bloquear\u00e1 el agua por lo que no mojar\u00e1 tu bolsa cuando lo coloques.<\/p>\n<p>La botella de agua port\u00e1til para mascotas es ideal para caminar y hacer viajes con tu perro o gato.<\/p>\n<p>Colores disponibles:<\/p>\n<p>Rosa<br \/>\nAzul<\/p>\n<p>Capacidad: 550ml<\/p>\n<p>En My Best Friend nos ocupamos en proveer productos \u00fatiles y de alta calidad para el cuidado de tu mascota.<\/p>\n<p>Puedes retirar tu compra en la zona de Palermo de Lunes a Viernes de 9:00 a 18:00 y S\u00e1bados de 9:00 a 12:30<\/p>","protected":false},"featured_media":4338,"comment_status":"open","ping_status":"closed","template":"","meta":{"_joinchat":[]},"etheme_brands":[{"term_id":59,"name":"Dispenser de Alimentos","slug":"dispenser-de-alimentos","term_group":0,"term_taxonomy_id":59,"taxonomy":"brand","description":"Comederos y bebederos autom\u00e1ticos ","parent":0,"count":4,"filter":"raw"}],"product_brand":[],"product_cat":[33,43,20,34,15],"product_tag":[67],"class_list":{"0":"post-2437","1":"product","2":"type-product","3":"status-publish","4":"has-post-thumbnail","6":"brand-dispenser-de-alimentos","7":"product_cat-accesorios","8":"product_cat-gatos","9":"product_cat-ofertas","10":"product_cat-perros","11":"product_cat-todo","12":"product_tag-bebederos","13":"product_shipping_class-correo-argentino","15":"first","16":"instock","17":"sale","18":"shipping-taxable","19":"purchasable","20":"product-type-simple"},"_links":{"self":[{"href":"https:\/\/mybestfriend.com.ar\/en\/wp-json\/wp\/v2\/product\/2437","targetHints":{"allow":["GET"]}}],"collection":[{"href":"https:\/\/mybestfriend.com.ar\/en\/wp-json\/wp\/v2\/product"}],"about":[{"href":"https:\/\/mybestfriend.com.ar\/en\/wp-json\/wp\/v2\/types\/product"}],"replies":[{"embeddable":true,"href":"https:\/\/mybestfriend.com.ar\/en\/wp-json\/wp\/v2\/comments?post=2437"}],"version-history":[{"count":6,"href":"https:\/\/mybestfriend.com.ar\/en\/wp-json\/wp\/v2\/product\/2437\/revisions"}],"predecessor-version":[{"id":2443,"href":"https:\/\/mybestfriend.com.ar\/en\/wp-json\/wp\/v2\/product\/2437\/revisions\/2443"}],"wp:featuredmedia":[{"embeddable":true,"href":"https:\/\/mybestfriend.com.ar\/en\/wp-json\/wp\/v2\/media\/4338"}],"wp:attachment":[{"href":"https:\/\/mybestfriend.com.ar\/en\/wp-json\/wp\/v2\/media?parent=2437"}],"wp:term":[{"taxonomy":"brand","embeddable":true,"href":"https:\/\/mybestfriend.com.ar\/en\/wp-json\/wp\/v2\/etheme_brands?post=2437"},{"taxonomy":"product_brand","embeddable":true,"href":"https:\/\/mybestfriend.com.ar\/en\/wp-json\/wp\/v2\/product_brand?post=2437"},{"taxonomy":"product_cat","embeddable":true,"href":"https:\/\/mybestfriend.com.ar\/en\/wp-json\/wp\/v2\/product_cat?post=2437"},{"taxonomy":"product_tag","embeddable":true,"href":"https:\/\/mybestfriend.com.ar\/en\/wp-json\/wp\/v2\/product_tag?post=2437"}],"curies":[{"name":"wp","href":"https:\/\/api.w.org\/{rel}","templated":true}]}}