{"id":2444,"date":"2024-04-28T22:26:39","date_gmt":"2024-04-29T01:26:39","guid":{"rendered":"https:\/\/mybestfriend.com.ar\/?post_type=product&#038;p=2444"},"modified":"2026-02-01T18:56:09","modified_gmt":"2026-02-01T21:56:09","slug":"correa-para-perros","status":"publish","type":"product","link":"https:\/\/mybestfriend.com.ar\/en\/product\/correa-para-perros\/","title":{"rendered":"Dog Harness Premium Safety Line"},"content":{"rendered":"","protected":false},"excerpt":{"rendered":"<p>En My Best Friend nos ocupamos de proveer productos de calidad, \u00fatiles y est\u00e9ticos para el cuidado y disfrute de nuestras mascotas.<\/p>\n<p><strong>Talle M\u00a0<\/strong><\/p>\n<p><strong>Medida de Cuello:<\/strong><\/p>\n<p>2.5*48cm-59cm<\/p>\n<p><strong>Medida de Pecho:<\/strong><\/p>\n<p>2.5*66cm-81cm<\/p>\n<p>El Pretal, Arn\u00e9s con asa fija de seguridad tiene m\u00faltiples funciones, ya sea que tu mascota este en proceso de adiestramiento, o solo quieres tener un mejor agarre en las salidas cotidianas al parque.<\/p>\n<p>La tela con la que esta fabricado evita da\u00f1ar la piel de tu perro, permitiendo una mejor ventilaci\u00f3n adem\u00e1s de ser muy suave.<\/p>\n<p>Colores disponibles:<\/p>\n<p>-Negro<br \/>\n-Rojo\/negro<\/p>\n<p>Cierre Clicks de seguridad ajustables<br \/>\nTejido super reforzado.<\/p>\n<p>Puedes retirar tu compra en la zona de Palermo de Lunes a Viernes de 8:30 a 18:00 y S\u00e1bados de 8:30 a 12:30<\/p>","protected":false},"featured_media":2980,"comment_status":"open","ping_status":"closed","template":"","meta":{"_joinchat":[]},"etheme_brands":[{"term_id":58,"name":"Arneses y Pretales","slug":"arneses-y-pretales","term_group":0,"term_taxonomy_id":58,"taxonomy":"brand","description":"Arn\u00e9s y Pretal para paseos","parent":0,"count":17,"filter":"raw"}],"product_brand":[],"product_cat":[33,20,34,15],"product_tag":[65,64],"class_list":{"0":"post-2444","1":"product","2":"type-product","3":"status-publish","4":"has-post-thumbnail","6":"brand-arneses-y-pretales","7":"product_cat-accesorios","8":"product_cat-ofertas","9":"product_cat-perros","10":"product_cat-todo","11":"product_tag-arnes","12":"product_tag-pretal","13":"product_shipping_class-correo-argentino","15":"first","16":"instock","17":"sale","18":"shipping-taxable","19":"purchasable","20":"product-type-simple"},"_links":{"self":[{"href":"https:\/\/mybestfriend.com.ar\/en\/wp-json\/wp\/v2\/product\/2444","targetHints":{"allow":["GET"]}}],"collection":[{"href":"https:\/\/mybestfriend.com.ar\/en\/wp-json\/wp\/v2\/product"}],"about":[{"href":"https:\/\/mybestfriend.com.ar\/en\/wp-json\/wp\/v2\/types\/product"}],"replies":[{"embeddable":true,"href":"https:\/\/mybestfriend.com.ar\/en\/wp-json\/wp\/v2\/comments?post=2444"}],"version-history":[{"count":9,"href":"https:\/\/mybestfriend.com.ar\/en\/wp-json\/wp\/v2\/product\/2444\/revisions"}],"predecessor-version":[{"id":3791,"href":"https:\/\/mybestfriend.com.ar\/en\/wp-json\/wp\/v2\/product\/2444\/revisions\/3791"}],"wp:featuredmedia":[{"embeddable":true,"href":"https:\/\/mybestfriend.com.ar\/en\/wp-json\/wp\/v2\/media\/2980"}],"wp:attachment":[{"href":"https:\/\/mybestfriend.com.ar\/en\/wp-json\/wp\/v2\/media?parent=2444"}],"wp:term":[{"taxonomy":"brand","embeddable":true,"href":"https:\/\/mybestfriend.com.ar\/en\/wp-json\/wp\/v2\/etheme_brands?post=2444"},{"taxonomy":"product_brand","embeddable":true,"href":"https:\/\/mybestfriend.com.ar\/en\/wp-json\/wp\/v2\/product_brand?post=2444"},{"taxonomy":"product_cat","embeddable":true,"href":"https:\/\/mybestfriend.com.ar\/en\/wp-json\/wp\/v2\/product_cat?post=2444"},{"taxonomy":"product_tag","embeddable":true,"href":"https:\/\/mybestfriend.com.ar\/en\/wp-json\/wp\/v2\/product_tag?post=2444"}],"curies":[{"name":"wp","href":"https:\/\/api.w.org\/{rel}","templated":true}]}}