{"id":2458,"date":"2024-04-29T00:03:58","date_gmt":"2024-04-29T03:03:58","guid":{"rendered":"https:\/\/mybestfriend.com.ar\/?post_type=product&#038;p=2458"},"modified":"2025-12-23T15:59:13","modified_gmt":"2025-12-23T18:59:13","slug":"bolso-tipo-camping-para-mascotas","status":"publish","type":"product","link":"https:\/\/mybestfriend.com.ar\/en\/product\/bolso-tipo-camping-para-mascotas\/","title":{"rendered":"Mochila Transportadora de Mascotas"},"content":{"rendered":"<p>Mochila transportadora ideal para mascotas<\/p>\n<p>Esta mochila para mascotas est\u00e1 dise\u00f1ada para el aire libre y viajes, puedes usarla para llevar perros peque\u00f1os o gatos para ciclismo, senderismo, camping, caminatas al aire libre o reunirse con amigos.<\/p>\n<p>Tambi\u00e9n puedes utilizar esta bolsa de viaje plegable para llevar a tu mascota a tomar un ba\u00f1o, ir al hospital, ir al supermercado, e incluso ir de compras.<\/p>\n<p>* Detalles *<\/p>\n<p>\u2013 Material: est\u00e1 fabricada de material de PVC, tela Oxford y malla. El material s\u00f3lido de PVC y el pa\u00f1o oxford con nueve agujeros y malla de aire traen una mejor circulaci\u00f3n de aire y efecto anti-ara\u00f1azos. Hace que esta mochila port\u00e1til para mascotas sea muy transpirable y resistente, y m\u00e1s f\u00e1cil de limpiar.<\/p>\n<p>\u2013 Dise\u00f1o \u00fanico: esta mochila porosa y transpirable para mascotas utiliza un dise\u00f1o \u00fanico de c\u00e1psula espacial, hace que tu mascota se sienta m\u00e1s segura, c\u00f3moda y le permite tener una visi\u00f3n m\u00e1s amplia del exterior. Esta bolsa de transporte para mascotas tambi\u00e9n utiliza un dise\u00f1o de sombreado panor\u00e1mico, que hace que las mascotas no tengan miedo de los reflejos del sol cuando est\u00e1n al aire libre.<\/p>\n<p>\u2013 Facilidad de uso: ambos lados de la bolsa port\u00e1til para mascotas se pueden abrir para facilitar la entrada y salida de las mascotas. Esta mochila de transporte para mascotas tiene un gancho antidesacoplamiento para evitar que las mascotas escapen y se pierdan. La almohadilla antideslizante inferior evita que la bolsa de malla transpirable se mueva y se ensucie cuando se coloca en el suelo.<\/p>\n<p>\u2013 Medidas: 42 X 31 X 29 CM<\/p>\n<p>\u2013 Peso m\u00e1ximo soportado para gatos: 12 kg<\/p>\n<p>\u2013 Peso m\u00e1ximo soportado para perros: 12 kg<\/p>\n<p>\u2013 Di\u00e1metro de los agujeros: 3 cm<\/p>","protected":false},"excerpt":{"rendered":"<p>Mochila transportadora ideal para mascotas Esta mochila para mascotas est\u00e1 dise\u00f1ada para el aire libre y viajes, puedes usarla para llevar perros peque\u00f1os o gatos&#8230;<\/p>","protected":false},"featured_media":4288,"comment_status":"open","ping_status":"closed","template":"","meta":{"_joinchat":[]},"etheme_brands":[{"term_id":51,"name":"Bolsos transportadores","slug":"bolsos-transportadores","term_group":0,"term_taxonomy_id":51,"taxonomy":"brand","description":"Bolsos para paseos y viajes","parent":0,"count":3,"filter":"raw"}],"product_brand":[],"product_cat":[33,43,20,34,15],"product_tag":[17,53,66],"class_list":{"0":"post-2458","1":"product","2":"type-product","3":"status-publish","4":"has-post-thumbnail","6":"brand-bolsos-transportadores","7":"product_cat-accesorios","8":"product_cat-gatos","9":"product_cat-ofertas","10":"product_cat-perros","11":"product_cat-todo","12":"product_tag-animales","13":"product_tag-bolso","14":"product_tag-mochila","15":"product_shipping_class-correo-argentino","17":"first","18":"instock","19":"sale","20":"shipping-taxable","21":"purchasable","22":"product-type-simple"},"_links":{"self":[{"href":"https:\/\/mybestfriend.com.ar\/en\/wp-json\/wp\/v2\/product\/2458","targetHints":{"allow":["GET"]}}],"collection":[{"href":"https:\/\/mybestfriend.com.ar\/en\/wp-json\/wp\/v2\/product"}],"about":[{"href":"https:\/\/mybestfriend.com.ar\/en\/wp-json\/wp\/v2\/types\/product"}],"replies":[{"embeddable":true,"href":"https:\/\/mybestfriend.com.ar\/en\/wp-json\/wp\/v2\/comments?post=2458"}],"version-history":[{"count":9,"href":"https:\/\/mybestfriend.com.ar\/en\/wp-json\/wp\/v2\/product\/2458\/revisions"}],"predecessor-version":[{"id":4290,"href":"https:\/\/mybestfriend.com.ar\/en\/wp-json\/wp\/v2\/product\/2458\/revisions\/4290"}],"wp:featuredmedia":[{"embeddable":true,"href":"https:\/\/mybestfriend.com.ar\/en\/wp-json\/wp\/v2\/media\/4288"}],"wp:attachment":[{"href":"https:\/\/mybestfriend.com.ar\/en\/wp-json\/wp\/v2\/media?parent=2458"}],"wp:term":[{"taxonomy":"brand","embeddable":true,"href":"https:\/\/mybestfriend.com.ar\/en\/wp-json\/wp\/v2\/etheme_brands?post=2458"},{"taxonomy":"product_brand","embeddable":true,"href":"https:\/\/mybestfriend.com.ar\/en\/wp-json\/wp\/v2\/product_brand?post=2458"},{"taxonomy":"product_cat","embeddable":true,"href":"https:\/\/mybestfriend.com.ar\/en\/wp-json\/wp\/v2\/product_cat?post=2458"},{"taxonomy":"product_tag","embeddable":true,"href":"https:\/\/mybestfriend.com.ar\/en\/wp-json\/wp\/v2\/product_tag?post=2458"}],"curies":[{"name":"wp","href":"https:\/\/api.w.org\/{rel}","templated":true}]}}