{"id":2464,"date":"2024-04-29T11:09:07","date_gmt":"2024-04-29T14:09:07","guid":{"rendered":"https:\/\/mybestfriend.com.ar\/?post_type=product&#038;p=2464"},"modified":"2025-12-22T10:52:19","modified_gmt":"2025-12-22T13:52:19","slug":"correa-con-luz-led","status":"publish","type":"product","link":"https:\/\/mybestfriend.com.ar\/en\/product\/correa-con-luz-led\/","title":{"rendered":"Walking Leash With Flashlight and Full Color Led"},"content":{"rendered":"<p>Correa retr\u00e1ctil con linterna y luces led multicolor para uso de ni\u00f1os y adultos es una opci\u00f3n fuera de lo com\u00fan para los paseos nocturnos y que tu mascota sea el centro de atenci\u00f3n ante las miradas de los dem\u00e1s.<\/p>\n<p>Es un accesorio que permitir\u00e1 el inicio de muchas charlas con amigos y conocidos en un paseo nocturno.<\/p>\n<p>Su resistencia y agarre ergon\u00f3mico te permitir\u00e1 mantener siempre el control de tu mascota.<\/p>\n<p>Distancia m\u00e1xima extensible 5 mts<br \/>\nPeso m\u00e1ximo soportado 30kg<\/p>\n<p>Posee:<br \/>\nGancho giratorio<br \/>\nSistema de freno\/bloqueo<\/p>\n<p><strong>Incluye cable USB, No incluye el cargador.<\/strong><\/p>\n<p>En My Best Friend nos ocupamos de proveer productos con altos standares de calidad, novedosos y \u00fatiles para el disfrute de nuestras mascotas.<\/p>\n<p>Puedes retirar tu compra en la zona de Palermo de Lunes a Viernes de 9:00 a 18:00 y S\u00e1bados de 9:00 a 12:30<\/p>","protected":false},"excerpt":{"rendered":"<p>Correa retr\u00e1ctil con linterna y luces led multicolor para uso de ni\u00f1os y adultos es una opci\u00f3n fuera de lo com\u00fan para los paseos nocturnos&#8230;<\/p>","protected":false},"featured_media":2973,"comment_status":"open","ping_status":"closed","template":"","meta":{"_joinchat":[]},"etheme_brands":[{"term_id":60,"name":"Correas Para Paseos","slug":"correas-para-paseos","term_group":0,"term_taxonomy_id":60,"taxonomy":"brand","description":"Correas para paseos","parent":0,"count":10,"filter":"raw"}],"product_brand":[],"product_cat":[33,20,34,15],"product_tag":[52,54],"class_list":{"0":"post-2464","1":"product","2":"type-product","3":"status-publish","4":"has-post-thumbnail","6":"brand-correas-para-paseos","7":"product_cat-accesorios","8":"product_cat-ofertas","9":"product_cat-perros","10":"product_cat-todo","11":"product_tag-correa","12":"product_tag-paseos","13":"product_shipping_class-correo-argentino","15":"first","16":"instock","17":"sale","18":"shipping-taxable","19":"purchasable","20":"product-type-simple"},"_links":{"self":[{"href":"https:\/\/mybestfriend.com.ar\/en\/wp-json\/wp\/v2\/product\/2464","targetHints":{"allow":["GET"]}}],"collection":[{"href":"https:\/\/mybestfriend.com.ar\/en\/wp-json\/wp\/v2\/product"}],"about":[{"href":"https:\/\/mybestfriend.com.ar\/en\/wp-json\/wp\/v2\/types\/product"}],"replies":[{"embeddable":true,"href":"https:\/\/mybestfriend.com.ar\/en\/wp-json\/wp\/v2\/comments?post=2464"}],"version-history":[{"count":7,"href":"https:\/\/mybestfriend.com.ar\/en\/wp-json\/wp\/v2\/product\/2464\/revisions"}],"predecessor-version":[{"id":2467,"href":"https:\/\/mybestfriend.com.ar\/en\/wp-json\/wp\/v2\/product\/2464\/revisions\/2467"}],"wp:featuredmedia":[{"embeddable":true,"href":"https:\/\/mybestfriend.com.ar\/en\/wp-json\/wp\/v2\/media\/2973"}],"wp:attachment":[{"href":"https:\/\/mybestfriend.com.ar\/en\/wp-json\/wp\/v2\/media?parent=2464"}],"wp:term":[{"taxonomy":"brand","embeddable":true,"href":"https:\/\/mybestfriend.com.ar\/en\/wp-json\/wp\/v2\/etheme_brands?post=2464"},{"taxonomy":"product_brand","embeddable":true,"href":"https:\/\/mybestfriend.com.ar\/en\/wp-json\/wp\/v2\/product_brand?post=2464"},{"taxonomy":"product_cat","embeddable":true,"href":"https:\/\/mybestfriend.com.ar\/en\/wp-json\/wp\/v2\/product_cat?post=2464"},{"taxonomy":"product_tag","embeddable":true,"href":"https:\/\/mybestfriend.com.ar\/en\/wp-json\/wp\/v2\/product_tag?post=2464"}],"curies":[{"name":"wp","href":"https:\/\/api.w.org\/{rel}","templated":true}]}}