{"id":3013,"date":"2024-07-05T14:16:51","date_gmt":"2024-07-05T17:16:51","guid":{"rendered":"https:\/\/mybestfriend.com.ar\/?post_type=product&#038;p=3013"},"modified":"2026-04-16T11:16:54","modified_gmt":"2026-04-16T14:16:54","slug":"funda-protectora-tapizado-para-autos-cualquier-mascota-impermeable","status":"publish","type":"product","link":"https:\/\/mybestfriend.com.ar\/en\/product\/funda-protectora-tapizado-para-autos-cualquier-mascota-impermeable\/","title":{"rendered":"Waterproof Car Upholstery Protector"},"content":{"rendered":"","protected":false},"excerpt":{"rendered":"<p>En My Best Friend nos ocupamos en brindar productos de calidad y \u00fatiles para el cuidado y disfrute de nuestras mascotas.<\/p>\n<p>Incluye dos (02) Correas adicionales para sujetar la mascota a los asientos.<\/p>\n<p class=\"ui-pdp-description__content\">Funda para asiento de auto cubre tapizado incluye cinturones para sujeci\u00f3n del PET, sirve para cualquier mascota, impermeable.<\/p>\n<p class=\"ui-pdp-description__content\">Este producto cuenta con un excelente dise\u00f1o con bolsillos y ventana de malla visible, que proporciona una mejor circulaci\u00f3n de aire para tu mascota y la ayuda a reducir la ansiedad durante el viaje.<br \/>\nEs muy f\u00e1cil de montar, simplemente ajusta las correas de las hebillas alrededor de los reposacabezas de tu auto e introduce los anclajes del asiento para mantenerlo firme y evitar que se deslice. Est\u00e1 fabricado en material resistente y 100% impermeable.<\/p>\n<p>CARACTER\u00cdSTICAS:<br \/>\n\u2022 Funda universal para todo tipo de autos y camionetas.<br \/>\n\u2022 100% impermeable y material acolchonado.<br \/>\n\u2022 Protecci\u00f3n de los asientos contra suciedad, roturas, y desgarros.<br \/>\n\u2022 Evita que los pelos de las mascotas se dispersen por todo el veh\u00edculo.<br \/>\n\u2022 Impide que el tapizado se ensucie o manche con s\u00f3lidos, l\u00edquidos y secreciones de su mascota.<br \/>\n\u2022 Colocaci\u00f3n alternativa para respaldos sin apoyacabezas.<br \/>\n\u2022 F\u00e1cil y r\u00e1pida colocaci\u00f3n.<br \/>\n\u2022 F\u00e1cil limpieza.<br \/>\nMaterial: 300D Oxford+ Algod\u00f3n<\/p>\n<p>El protector para asientos de auto multifuncional, totalmente impermeable y super resistente fabricado en 300D OXFORD FABRIC+POLYPROPILENE COTTON, esta dise\u00f1ado para garantizar el correcto cuidado de tu veh\u00edculo en la tarea diaria de trasladas a tus mascotas.<\/p>\n<p>Soporta el mas alto nivel de exigencia a la vez que brinda una c\u00f3moda y suave experiencia para tus mascotas.<\/p>\n<p>Es apto para todo tipo de veh\u00edculo.<br \/>\nImpermeable.<br \/>\nContiene bolsillo para guardar accesorios.<\/p>\n<p>Medida: 137cm*147cm<br \/>\nColor: Negro<\/p>\n<p>Tenemos punto de retiro en la zona de Palermo Lunes a Viernes en el horario de 9:00 a 18:00 y S\u00e1bados 9:00 a 12:30<\/p>","protected":false},"featured_media":3015,"comment_status":"open","ping_status":"closed","template":"","meta":{"_joinchat":[]},"etheme_brands":[{"term_id":51,"name":"Bolsos transportadores","slug":"bolsos-transportadores","term_group":0,"term_taxonomy_id":51,"taxonomy":"brand","description":"Bolsos para paseos y viajes","parent":0,"count":4,"filter":"raw"},{"term_id":31,"name":"Cuidado e Higiene","slug":"higiene","term_group":0,"term_taxonomy_id":31,"taxonomy":"brand","description":"Accesorios para cuidado diario","parent":0,"count":2,"filter":"raw"}],"product_brand":[],"product_cat":[33,38,20,34,15],"product_tag":[61],"class_list":{"0":"post-3013","1":"product","2":"type-product","3":"status-publish","4":"has-post-thumbnail","6":"brand-bolsos-transportadores","7":"brand-higiene","8":"product_cat-accesorios","9":"product_cat-cachorros","10":"product_cat-ofertas","11":"product_cat-perros","12":"product_cat-todo","13":"product_tag-funda","14":"product_shipping_class-correo-argentino","16":"first","17":"instock","18":"sale","19":"featured","20":"shipping-taxable","21":"purchasable","22":"product-type-simple"},"_links":{"self":[{"href":"https:\/\/mybestfriend.com.ar\/en\/wp-json\/wp\/v2\/product\/3013","targetHints":{"allow":["GET"]}}],"collection":[{"href":"https:\/\/mybestfriend.com.ar\/en\/wp-json\/wp\/v2\/product"}],"about":[{"href":"https:\/\/mybestfriend.com.ar\/en\/wp-json\/wp\/v2\/types\/product"}],"replies":[{"embeddable":true,"href":"https:\/\/mybestfriend.com.ar\/en\/wp-json\/wp\/v2\/comments?post=3013"}],"version-history":[{"count":8,"href":"https:\/\/mybestfriend.com.ar\/en\/wp-json\/wp\/v2\/product\/3013\/revisions"}],"predecessor-version":[{"id":3018,"href":"https:\/\/mybestfriend.com.ar\/en\/wp-json\/wp\/v2\/product\/3013\/revisions\/3018"}],"wp:featuredmedia":[{"embeddable":true,"href":"https:\/\/mybestfriend.com.ar\/en\/wp-json\/wp\/v2\/media\/3015"}],"wp:attachment":[{"href":"https:\/\/mybestfriend.com.ar\/en\/wp-json\/wp\/v2\/media?parent=3013"}],"wp:term":[{"taxonomy":"brand","embeddable":true,"href":"https:\/\/mybestfriend.com.ar\/en\/wp-json\/wp\/v2\/etheme_brands?post=3013"},{"taxonomy":"product_brand","embeddable":true,"href":"https:\/\/mybestfriend.com.ar\/en\/wp-json\/wp\/v2\/product_brand?post=3013"},{"taxonomy":"product_cat","embeddable":true,"href":"https:\/\/mybestfriend.com.ar\/en\/wp-json\/wp\/v2\/product_cat?post=3013"},{"taxonomy":"product_tag","embeddable":true,"href":"https:\/\/mybestfriend.com.ar\/en\/wp-json\/wp\/v2\/product_tag?post=3013"}],"curies":[{"name":"wp","href":"https:\/\/api.w.org\/{rel}","templated":true}]}}