{"id":3237,"date":"2024-07-11T13:03:49","date_gmt":"2024-07-11T16:03:49","guid":{"rendered":"https:\/\/mybestfriend.com.ar\/?post_type=product&#038;p=3237"},"modified":"2026-01-14T17:10:58","modified_gmt":"2026-01-14T20:10:58","slug":"pretal-y-correa-para-mascotas-ajustable-2","status":"publish","type":"product","link":"https:\/\/mybestfriend.com.ar\/en\/product\/pretal-y-correa-para-mascotas-ajustable-2\/","title":{"rendered":"Waistband and Adjustable Pet Leash"},"content":{"rendered":"<p>El arn\u00e9s pretal acolchado de la marca MY BEST FRIEND es la opci\u00f3n ideal para quienes buscan comodidad y seguridad para sus mascotas. Dise\u00f1ado para perros y gatos, este arn\u00e9s est\u00e1 confeccionado en un suave material de poli\u00e9ster que se adapta perfectamente al cuerpo de tu compa\u00f1ero, evitando rozaduras y garantizando un ajuste c\u00f3modo durante sus paseos.<\/p>\n<p>Este modelo incluye una correa que facilita el control de tu mascota, permitiendo disfrutar de caminatas sin preocupaciones. Su dise\u00f1o ajustable asegura que se adapte a diferentes tama\u00f1os, brindando la flexibilidad necesaria para un uso prolongado. Adem\u00e1s, su doble tejido lo hace lavable, lo que simplifica su mantenimiento y asegura que siempre luzca como nuevo.<\/p>\n<p>La facilidad de uso es una de las caracter\u00edsticas m\u00e1s destacadas de este arn\u00e9s. Con un gancho para la correa que permite una conexi\u00f3n r\u00e1pida y segura, podr\u00e1s salir a explorar sin complicaciones. Este arn\u00e9s es perfecto para aquellos que valoran la calidad y el bienestar de sus mascotas, ofreciendo una experiencia de paseo placentera y sin estr\u00e9s.<\/p>\n<p>Adem\u00e1s posee una maya de gamuza con ventilaci\u00f3n para que la transpiraci\u00f3n de tu mascota respire y evitar da\u00f1os tanto en la piel como el pelaje de tu mascota adem\u00e1s de evitar.<\/p>\n<p>En My Best Friend nos ocupados de proveer los productos que facilitan el disfrute de tu mascota.<\/p>\n<p>Puedes retirar tu compra en la zona de Palermo los d\u00edas Lunes a Viernes de 9:00 a 18:00 y S\u00e1bados de 9:00 a 12:30<\/p>\n<p>Material de elaboraci\u00f3n: Poliester suave.<\/p>\n<p>Material de precinto de seguridad: Zinc<\/p>\n<p><strong>Importante, verifique previamente que las medidas se adapten a su mascota<\/strong><\/p>\n<p>Medidas:<\/p>\n<p><strong><em>TALLE M<\/em><\/strong><\/p>\n<p>Largo de la Correa\uff1a2.0*150 cm<br \/>\nCuello\uff1a28-38 cm<br \/>\nPecho\uff1a42-60 cm<\/p>","protected":false},"excerpt":{"rendered":"<p>El arn\u00e9s pretal acolchado de la marca MY BEST FRIEND es la opci\u00f3n ideal para quienes buscan comodidad y seguridad para sus mascotas. Dise\u00f1ado para&#8230;<\/p>","protected":false},"featured_media":3241,"comment_status":"open","ping_status":"closed","template":"","meta":{"_joinchat":[]},"etheme_brands":[{"term_id":58,"name":"Arneses y Pretales","slug":"arneses-y-pretales","term_group":0,"term_taxonomy_id":58,"taxonomy":"brand","description":"Arn\u00e9s y Pretal para paseos","parent":0,"count":17,"filter":"raw"}],"product_brand":[],"product_cat":[33,20,34,15],"product_tag":[65,52,64],"class_list":{"0":"post-3237","1":"product","2":"type-product","3":"status-publish","4":"has-post-thumbnail","6":"brand-arneses-y-pretales","7":"product_cat-accesorios","8":"product_cat-ofertas","9":"product_cat-perros","10":"product_cat-todo","11":"product_tag-arnes","12":"product_tag-correa","13":"product_tag-pretal","14":"product_shipping_class-correo-argentino","16":"first","17":"instock","18":"sale","19":"shipping-taxable","20":"purchasable","21":"product-type-simple"},"_links":{"self":[{"href":"https:\/\/mybestfriend.com.ar\/en\/wp-json\/wp\/v2\/product\/3237","targetHints":{"allow":["GET"]}}],"collection":[{"href":"https:\/\/mybestfriend.com.ar\/en\/wp-json\/wp\/v2\/product"}],"about":[{"href":"https:\/\/mybestfriend.com.ar\/en\/wp-json\/wp\/v2\/types\/product"}],"replies":[{"embeddable":true,"href":"https:\/\/mybestfriend.com.ar\/en\/wp-json\/wp\/v2\/comments?post=3237"}],"version-history":[{"count":3,"href":"https:\/\/mybestfriend.com.ar\/en\/wp-json\/wp\/v2\/product\/3237\/revisions"}],"predecessor-version":[{"id":3703,"href":"https:\/\/mybestfriend.com.ar\/en\/wp-json\/wp\/v2\/product\/3237\/revisions\/3703"}],"wp:featuredmedia":[{"embeddable":true,"href":"https:\/\/mybestfriend.com.ar\/en\/wp-json\/wp\/v2\/media\/3241"}],"wp:attachment":[{"href":"https:\/\/mybestfriend.com.ar\/en\/wp-json\/wp\/v2\/media?parent=3237"}],"wp:term":[{"taxonomy":"brand","embeddable":true,"href":"https:\/\/mybestfriend.com.ar\/en\/wp-json\/wp\/v2\/etheme_brands?post=3237"},{"taxonomy":"product_brand","embeddable":true,"href":"https:\/\/mybestfriend.com.ar\/en\/wp-json\/wp\/v2\/product_brand?post=3237"},{"taxonomy":"product_cat","embeddable":true,"href":"https:\/\/mybestfriend.com.ar\/en\/wp-json\/wp\/v2\/product_cat?post=3237"},{"taxonomy":"product_tag","embeddable":true,"href":"https:\/\/mybestfriend.com.ar\/en\/wp-json\/wp\/v2\/product_tag?post=3237"}],"curies":[{"name":"wp","href":"https:\/\/api.w.org\/{rel}","templated":true}]}}