{"id":3266,"date":"2024-07-13T12:08:27","date_gmt":"2024-07-13T15:08:27","guid":{"rendered":"https:\/\/mybestfriend.com.ar\/?post_type=product&#038;p=3266"},"modified":"2025-08-14T09:07:13","modified_gmt":"2025-08-14T12:07:13","slug":"correa-doble-agarre-para-paseo","status":"publish","type":"product","link":"https:\/\/mybestfriend.com.ar\/en\/product\/correa-doble-agarre-para-paseo\/","title":{"rendered":"Double Grip Strap for Walking"},"content":{"rendered":"","protected":false},"excerpt":{"rendered":"<p>En My Best Friend nos ocupamos de proveer productos de alta calidad, \u00fatiles y est\u00e9ticos para el cuidado y disfrute de nuestras mascotas.<\/p>\n<p>Adem\u00e1s de ser Reflectiva posee doble agarre para que puedas realizar paseos mas c\u00f3modos durante el d\u00eda o la noche.<\/p>\n<p>Es una Correa super resistente que soporta tirones de mascotas hasta de 60 kilos.<\/p>\n<p>Fabricada en un tejido super reforzado.<\/p>\n<p>Di\u00e1metro: 1.2 cm<\/p>\n<p>Largo: 1.53mts<\/p>\n<p>Color: Naranja.<\/p>\n<p>Material: Poli\u00e9ster<\/p>\n<p>La correa con doble agarre es un producto que busca simplificar el trabajo para aquellos propietarios con mas de una mascota y que necesitan sujetar a dos o mas mascotas a la misma correa.<\/p>\n<p>La calidad y robustez del producto ayuda a garantizar el disfrute de una salida casual o deportiva .<\/p>\n<p>Largo total: 1.53 cm<br \/>\nDoble agarre de seguridad.<br \/>\nSeguro giratorio de material s\u00f3lido.<\/p>\n<p>Puedes retirar tu compra en la zona de Palermo de Lunes a Viernes de 8:30 a 18:00 y S\u00e1bados de 8:30 a 12:30<\/p>","protected":false},"featured_media":3267,"comment_status":"open","ping_status":"closed","template":"","meta":{"_joinchat":[]},"etheme_brands":[{"term_id":60,"name":"Correas Para Paseos","slug":"correas-para-paseos","term_group":0,"term_taxonomy_id":60,"taxonomy":"brand","description":"Correas para paseos","parent":0,"count":10,"filter":"raw"}],"product_brand":[],"product_cat":[33,20,34,15],"product_tag":[52],"class_list":{"0":"post-3266","1":"product","2":"type-product","3":"status-publish","4":"has-post-thumbnail","6":"brand-correas-para-paseos","7":"product_cat-accesorios","8":"product_cat-ofertas","9":"product_cat-perros","10":"product_cat-todo","11":"product_tag-correa","12":"product_shipping_class-correo-argentino","14":"first","15":"instock","16":"sale","17":"shipping-taxable","18":"purchasable","19":"product-type-simple"},"_links":{"self":[{"href":"https:\/\/mybestfriend.com.ar\/en\/wp-json\/wp\/v2\/product\/3266","targetHints":{"allow":["GET"]}}],"collection":[{"href":"https:\/\/mybestfriend.com.ar\/en\/wp-json\/wp\/v2\/product"}],"about":[{"href":"https:\/\/mybestfriend.com.ar\/en\/wp-json\/wp\/v2\/types\/product"}],"replies":[{"embeddable":true,"href":"https:\/\/mybestfriend.com.ar\/en\/wp-json\/wp\/v2\/comments?post=3266"}],"version-history":[{"count":3,"href":"https:\/\/mybestfriend.com.ar\/en\/wp-json\/wp\/v2\/product\/3266\/revisions"}],"predecessor-version":[{"id":3749,"href":"https:\/\/mybestfriend.com.ar\/en\/wp-json\/wp\/v2\/product\/3266\/revisions\/3749"}],"wp:featuredmedia":[{"embeddable":true,"href":"https:\/\/mybestfriend.com.ar\/en\/wp-json\/wp\/v2\/media\/3267"}],"wp:attachment":[{"href":"https:\/\/mybestfriend.com.ar\/en\/wp-json\/wp\/v2\/media?parent=3266"}],"wp:term":[{"taxonomy":"brand","embeddable":true,"href":"https:\/\/mybestfriend.com.ar\/en\/wp-json\/wp\/v2\/etheme_brands?post=3266"},{"taxonomy":"product_brand","embeddable":true,"href":"https:\/\/mybestfriend.com.ar\/en\/wp-json\/wp\/v2\/product_brand?post=3266"},{"taxonomy":"product_cat","embeddable":true,"href":"https:\/\/mybestfriend.com.ar\/en\/wp-json\/wp\/v2\/product_cat?post=3266"},{"taxonomy":"product_tag","embeddable":true,"href":"https:\/\/mybestfriend.com.ar\/en\/wp-json\/wp\/v2\/product_tag?post=3266"}],"curies":[{"name":"wp","href":"https:\/\/api.w.org\/{rel}","templated":true}]}}