{"id":3278,"date":"2024-07-13T12:46:36","date_gmt":"2024-07-13T15:46:36","guid":{"rendered":"https:\/\/mybestfriend.com.ar\/?post_type=product&#038;p=3278"},"modified":"2025-10-02T13:07:00","modified_gmt":"2025-10-02T16:07:00","slug":"correa-reflectiva-premium-1-6m-2","status":"publish","type":"product","link":"https:\/\/mybestfriend.com.ar\/en\/product\/correa-reflectiva-premium-1-6m-2\/","title":{"rendered":"Premium Reflective Strap 1.6m"},"content":{"rendered":"","protected":false},"excerpt":{"rendered":"<p>CORREA SOGA DE PASEO REFLECTIVA P\/ PERRO 1,60MTS.<\/p>\n<p>Con su mango de textura muy suave resulta c\u00f3modo, ergon\u00f3mico y una experiencia muy atractiva salir de paseo o realizar ejercicios con tu mascota.<\/p>\n<p>El dise\u00f1o es \u00fanico, y resalta a la vista de todos.<\/p>\n<p>Hechas de material de Poli\u00e9ster fuerte y resistente. Puede soportar fuertes tirones y tambi\u00e9n adecuado para entrenamiento diario o jugar. Clip resistente de 360 para fijarlo al collar o arn\u00e9s .<\/p>\n<p>Salidas Nocturnas con tu Mascota: El dise\u00f1o reflectante brillante mejora la visibilidad y la seguridad en condiciones de poca luz u oscuridad total. Tambi\u00e9n permite que tu perro sea visto f\u00e1cilmente bajo la luz, como la linterna o las luces del auto por la noche.<\/p>\n<p>Longitud Perfecta: Nuestra correa para perro de 1.6 Metros de largo es una opci\u00f3n perfecta para traer equilibrio entre libertad y control para tu mascota durante paseos diarios u otras actividades al aire libre.<\/p>\n<p>Color: Combinado Negro\/Verde.<\/p>\n<p>* Correa para paseo con mango recubierto, c\u00f3modo para la mano del paseador.<br \/>\n* Mosquet\u00f3n de acero. Giratorio 360\u00b0<br \/>\n* Liviana y resistente.<br \/>\n* La soga es reflectiva.<\/p>\n<p>* MEDIDAS:<br \/>\n&#8211; Largo 1,60mts<br \/>\n&#8211; Di\u00e1metro de la soga 1,2cm<\/p>","protected":false},"featured_media":3279,"comment_status":"open","ping_status":"closed","template":"","meta":{"_joinchat":[]},"etheme_brands":[{"term_id":60,"name":"Correas Para Paseos","slug":"correas-para-paseos","term_group":0,"term_taxonomy_id":60,"taxonomy":"brand","description":"Correas para paseos","parent":0,"count":10,"filter":"raw"}],"product_brand":[],"product_cat":[33,20,34,15],"product_tag":[52],"class_list":{"0":"post-3278","1":"product","2":"type-product","3":"status-publish","4":"has-post-thumbnail","6":"brand-correas-para-paseos","7":"product_cat-accesorios","8":"product_cat-ofertas","9":"product_cat-perros","10":"product_cat-todo","11":"product_tag-correa","12":"product_shipping_class-correo-argentino","14":"first","15":"instock","16":"sale","17":"shipping-taxable","18":"purchasable","19":"product-type-simple"},"_links":{"self":[{"href":"https:\/\/mybestfriend.com.ar\/en\/wp-json\/wp\/v2\/product\/3278","targetHints":{"allow":["GET"]}}],"collection":[{"href":"https:\/\/mybestfriend.com.ar\/en\/wp-json\/wp\/v2\/product"}],"about":[{"href":"https:\/\/mybestfriend.com.ar\/en\/wp-json\/wp\/v2\/types\/product"}],"replies":[{"embeddable":true,"href":"https:\/\/mybestfriend.com.ar\/en\/wp-json\/wp\/v2\/comments?post=3278"}],"version-history":[{"count":3,"href":"https:\/\/mybestfriend.com.ar\/en\/wp-json\/wp\/v2\/product\/3278\/revisions"}],"predecessor-version":[{"id":3747,"href":"https:\/\/mybestfriend.com.ar\/en\/wp-json\/wp\/v2\/product\/3278\/revisions\/3747"}],"wp:featuredmedia":[{"embeddable":true,"href":"https:\/\/mybestfriend.com.ar\/en\/wp-json\/wp\/v2\/media\/3279"}],"wp:attachment":[{"href":"https:\/\/mybestfriend.com.ar\/en\/wp-json\/wp\/v2\/media?parent=3278"}],"wp:term":[{"taxonomy":"brand","embeddable":true,"href":"https:\/\/mybestfriend.com.ar\/en\/wp-json\/wp\/v2\/etheme_brands?post=3278"},{"taxonomy":"product_brand","embeddable":true,"href":"https:\/\/mybestfriend.com.ar\/en\/wp-json\/wp\/v2\/product_brand?post=3278"},{"taxonomy":"product_cat","embeddable":true,"href":"https:\/\/mybestfriend.com.ar\/en\/wp-json\/wp\/v2\/product_cat?post=3278"},{"taxonomy":"product_tag","embeddable":true,"href":"https:\/\/mybestfriend.com.ar\/en\/wp-json\/wp\/v2\/product_tag?post=3278"}],"curies":[{"name":"wp","href":"https:\/\/api.w.org\/{rel}","templated":true}]}}