{"id":3862,"date":"2025-03-26T14:40:52","date_gmt":"2025-03-26T17:40:52","guid":{"rendered":"https:\/\/mybestfriend.com.ar\/?post_type=product&#038;p=3862"},"modified":"2026-01-10T12:36:26","modified_gmt":"2026-01-10T15:36:26","slug":"bebedero-para-mascotas-fuente-de-agua-silenciosa-2-l","status":"publish","type":"product","link":"https:\/\/mybestfriend.com.ar\/en\/product\/bebedero-para-mascotas-fuente-de-agua-silenciosa-2-l\/","title":{"rendered":"Bebedero Para Mascotas Fuente De Agua Silenciosa 2 L"},"content":{"rendered":"<p>Fuente De Agua Silenciosa\u00a0 Bebedero para Mascotas<\/p>\n<p><strong>Medidas: 18 cm x 16 cm x 12 cm<\/strong><\/p>\n<p>La Fuente de Agua para Mascotas es una herramienta esencial para aquellos que quieren asegurarse de que sus animalitos tengan acceso constante a agua fresca y limpia. Con su dise\u00f1o de flujo de agua constante, la fuente de agua anima a su mascota peluda a beber m\u00e1s agua, lo que puede ayudar a prevenir problemas de salud en el tracto urinario y mantener a su gato hidratado y saludable.<\/p>\n<p>El dise\u00f1o de la Fuente de Agua es f\u00e1cil de usar y de limpiar. Con su dise\u00f1o compacto y silencioso se adapta a cualquier hogar y no molesta a su gato o perro. Adem\u00e1s, con su filtro de carb\u00f3n activado, la fuente de agua para gatos ayuda a mantener el agua limpia y libre de impurezas, lo que asegura que su gato tenga acceso a agua fresca y limpia en todo momento.<\/p>\n<p>La Fuente de Agua es tambi\u00e9n duradera y resistente. Hecha con materiales de alta calidad, este producto est\u00e1 dise\u00f1ado para durar y resistir el uso diario. Con su capacidad de 2 litros, la Fuente de Agua es perfecta para hogares con varias mascotas, asegurando que todos tengan acceso a agua fresca y limpia en todo momento.<\/p>\n<p>Esta fuente es una herramienta esencial para aquellos que desean mantener a sus amiguitos peludos hidratados y saludables. Con su dise\u00f1o de flujo de agua constante, f\u00e1cil de usar y limpiar, y durabilidad, es la elecci\u00f3n perfecta para cualquier persona que desee asegurarse de que sus mascotas tengan acceso a agua fresca y limpia en todo momento.<\/p>","protected":false},"excerpt":{"rendered":"<p>Fuente de agua fresca\u00a0 y limpia, con filtro purificador para que tu mascota tenga disponible siempre agua saludable.<\/p>\n<p>Capacidad : 2 Litros<\/p>\n<p>Silenciosa.<\/p>\n<p>Marca: My best Friend<\/p>","protected":false},"featured_media":3871,"comment_status":"open","ping_status":"closed","template":"","meta":{"_joinchat":[]},"etheme_brands":[],"product_brand":[],"product_cat":[33,43,20,34,15],"product_tag":[67],"class_list":{"0":"post-3862","1":"product","2":"type-product","3":"status-publish","4":"has-post-thumbnail","6":"product_cat-accesorios","7":"product_cat-gatos","8":"product_cat-ofertas","9":"product_cat-perros","10":"product_cat-todo","11":"product_tag-bebederos","13":"first","14":"instock","15":"sale","16":"shipping-taxable","17":"purchasable","18":"product-type-simple"},"_links":{"self":[{"href":"https:\/\/mybestfriend.com.ar\/en\/wp-json\/wp\/v2\/product\/3862","targetHints":{"allow":["GET"]}}],"collection":[{"href":"https:\/\/mybestfriend.com.ar\/en\/wp-json\/wp\/v2\/product"}],"about":[{"href":"https:\/\/mybestfriend.com.ar\/en\/wp-json\/wp\/v2\/types\/product"}],"replies":[{"embeddable":true,"href":"https:\/\/mybestfriend.com.ar\/en\/wp-json\/wp\/v2\/comments?post=3862"}],"version-history":[{"count":1,"href":"https:\/\/mybestfriend.com.ar\/en\/wp-json\/wp\/v2\/product\/3862\/revisions"}],"predecessor-version":[{"id":3870,"href":"https:\/\/mybestfriend.com.ar\/en\/wp-json\/wp\/v2\/product\/3862\/revisions\/3870"}],"wp:featuredmedia":[{"embeddable":true,"href":"https:\/\/mybestfriend.com.ar\/en\/wp-json\/wp\/v2\/media\/3871"}],"wp:attachment":[{"href":"https:\/\/mybestfriend.com.ar\/en\/wp-json\/wp\/v2\/media?parent=3862"}],"wp:term":[{"taxonomy":"brand","embeddable":true,"href":"https:\/\/mybestfriend.com.ar\/en\/wp-json\/wp\/v2\/etheme_brands?post=3862"},{"taxonomy":"product_brand","embeddable":true,"href":"https:\/\/mybestfriend.com.ar\/en\/wp-json\/wp\/v2\/product_brand?post=3862"},{"taxonomy":"product_cat","embeddable":true,"href":"https:\/\/mybestfriend.com.ar\/en\/wp-json\/wp\/v2\/product_cat?post=3862"},{"taxonomy":"product_tag","embeddable":true,"href":"https:\/\/mybestfriend.com.ar\/en\/wp-json\/wp\/v2\/product_tag?post=3862"}],"curies":[{"name":"wp","href":"https:\/\/api.w.org\/{rel}","templated":true}]}}