{"id":3881,"date":"2025-03-26T15:18:57","date_gmt":"2025-03-26T18:18:57","guid":{"rendered":"https:\/\/mybestfriend.com.ar\/?post_type=product&#038;p=3881"},"modified":"2025-10-03T16:45:04","modified_gmt":"2025-10-03T19:45:04","slug":"bebedero-fuente-de-agua-para-perros-y-gatos-1-6l","status":"publish","type":"product","link":"https:\/\/mybestfriend.com.ar\/en\/product\/bebedero-fuente-de-agua-para-perros-y-gatos-1-6l\/","title":{"rendered":"Bebedero Fuente De Agua  Para Perros Y Gatos 1.6L"},"content":{"rendered":"<div class=\"ui-pdp-container__col col-2 ui-pdp--relative\">\n<div class=\"ui-pdp--sticky-wrapper\">\n<div class=\"ui-pdp-gallery\" role=\"group\" aria-label=\"Galer\u00eda de fotos, Fuente De Agua Recirculante Gadnic PB2000 Para Perros Y Gatos 1.6L\">\n<div class=\"ui-pdp-gallery__column\"><\/div>\n<\/div>\n<\/div>\n<\/div>\n<div class=\"ui-pdp-container__col col-2 mr-24 mt-8\">\n<div class=\"ui-pdp-container__top-wrapper mt-40\"><\/div>\n<div class=\"ui-pdp-variations\">\n<div class=\"ui-pdp-variations__picker\">\n<div class=\"ui-pdp-variations__picker-default-container\">\n<div class=\"ui-pdp-thumbnail__picture ui-pdp-thumbnail__picture--LARGE\">Lo que ten\u00e9s que saber de este producto<\/div>\n<\/div>\n<\/div>\n<\/div>\n<div id=\"highlighted_specs_features\" class=\"ui-pdp-container__row ui-pdp-container__row--highlighted-specs-features\">\n<section class=\"ui-vpp-highlighted-specs\">\n<div class=\"ui-pdp-container__row ui-pdp-container__row--highlighted-features\">\n<div class=\"ui-vpp-highlighted-specs__features\">\n<ul class=\"ui-vpp-highlighted-specs__features-list\">\n<li class=\"ui-vpp-highlighted-specs__features-list-item ui-pdp-color--BLACK ui-pdp-size--XSMALL ui-pdp-family--REGULAR\">Capacidad en volumen: 1.6 L<\/li>\n<li class=\"ui-vpp-highlighted-specs__features-list-item ui-pdp-color--BLACK ui-pdp-size--XSMALL ui-pdp-family--REGULAR\">Bebedero autom\u00e1tico: agua fresca siempre disponible para tu mascota<\/li>\n<li class=\"ui-vpp-highlighted-specs__features-list-item ui-pdp-color--BLACK ui-pdp-size--XSMALL ui-pdp-family--REGULAR\">Capacidad de 1.6L: ideal para perros y gatos de todos los tama\u00f1os<\/li>\n<li class=\"ui-vpp-highlighted-specs__features-list-item ui-pdp-color--BLACK ui-pdp-size--XSMALL ui-pdp-family--REGULAR\">Dise\u00f1o atractivo: color blanco y verde que se adapta a cualquier espacio<\/li>\n<li class=\"ui-vpp-highlighted-specs__features-list-item ui-pdp-color--BLACK ui-pdp-size--XSMALL ui-pdp-family--REGULAR\">Funcional y pr\u00e1ctico: cuida la hidrataci\u00f3n de tu mascota sin preocupaciones<\/li>\n<li class=\"ui-vpp-highlighted-specs__features-list-item ui-pdp-color--BLACK ui-pdp-size--XSMALL ui-pdp-family--REGULAR\">Pensado para el hogar argentino: producto adaptado a las necesidades locales<\/li>\n<\/ul>\n<p>Consiente a tu mascota con el Bebedero Autom\u00e1tico, dise\u00f1ado especialmente para perros y gatos. Este bebedero de 1.6L de capacidad en color blanco y verde, no solo es atractivo, sino que tambi\u00e9n es funcional y pr\u00e1ctico.<br \/>\nEs duradero y resistente al uso diario. Su sistema autom\u00e1tico asegura que tu mascota siempre tenga agua fresca y disponible. Aunque no es port\u00e1til, su dise\u00f1o compacto y moderno se adapta perfectamente a cualquier espacio de tu hogar. Brinda a tu mascota el cuidado y la comodidad que merece con el Bebedero Autom\u00e1tico<\/p>\n<\/div>\n<\/div>\n<\/section>\n<\/div>\n<\/div>","protected":false},"excerpt":{"rendered":"<p>Fuente de agua fresca\u00a0 y limpia, con filtro purificador para que tu mascota tenga disponible siempre agua saludable.<\/p>\n<p>Capacidad : 2 Litros<\/p>\n<p>Silenciosa.<\/p>\n<p>Marca: My best Friend<\/p>","protected":false},"featured_media":3888,"comment_status":"open","ping_status":"closed","template":"","meta":{"_joinchat":[]},"etheme_brands":[],"product_brand":[],"product_cat":[33,43,20,34,15],"product_tag":[67],"class_list":{"0":"post-3881","1":"product","2":"type-product","3":"status-publish","4":"has-post-thumbnail","6":"product_cat-accesorios","7":"product_cat-gatos","8":"product_cat-ofertas","9":"product_cat-perros","10":"product_cat-todo","11":"product_tag-bebederos","13":"first","14":"instock","15":"sale","16":"shipping-taxable","17":"purchasable","18":"product-type-simple"},"_links":{"self":[{"href":"https:\/\/mybestfriend.com.ar\/en\/wp-json\/wp\/v2\/product\/3881","targetHints":{"allow":["GET"]}}],"collection":[{"href":"https:\/\/mybestfriend.com.ar\/en\/wp-json\/wp\/v2\/product"}],"about":[{"href":"https:\/\/mybestfriend.com.ar\/en\/wp-json\/wp\/v2\/types\/product"}],"replies":[{"embeddable":true,"href":"https:\/\/mybestfriend.com.ar\/en\/wp-json\/wp\/v2\/comments?post=3881"}],"version-history":[{"count":2,"href":"https:\/\/mybestfriend.com.ar\/en\/wp-json\/wp\/v2\/product\/3881\/revisions"}],"predecessor-version":[{"id":3886,"href":"https:\/\/mybestfriend.com.ar\/en\/wp-json\/wp\/v2\/product\/3881\/revisions\/3886"}],"wp:featuredmedia":[{"embeddable":true,"href":"https:\/\/mybestfriend.com.ar\/en\/wp-json\/wp\/v2\/media\/3888"}],"wp:attachment":[{"href":"https:\/\/mybestfriend.com.ar\/en\/wp-json\/wp\/v2\/media?parent=3881"}],"wp:term":[{"taxonomy":"brand","embeddable":true,"href":"https:\/\/mybestfriend.com.ar\/en\/wp-json\/wp\/v2\/etheme_brands?post=3881"},{"taxonomy":"product_brand","embeddable":true,"href":"https:\/\/mybestfriend.com.ar\/en\/wp-json\/wp\/v2\/product_brand?post=3881"},{"taxonomy":"product_cat","embeddable":true,"href":"https:\/\/mybestfriend.com.ar\/en\/wp-json\/wp\/v2\/product_cat?post=3881"},{"taxonomy":"product_tag","embeddable":true,"href":"https:\/\/mybestfriend.com.ar\/en\/wp-json\/wp\/v2\/product_tag?post=3881"}],"curies":[{"name":"wp","href":"https:\/\/api.w.org\/{rel}","templated":true}]}}