{"id":4259,"date":"2025-12-05T10:57:04","date_gmt":"2025-12-05T13:57:04","guid":{"rendered":"https:\/\/mybestfriend.com.ar\/?post_type=product&#038;p=4259"},"modified":"2026-02-10T14:19:05","modified_gmt":"2026-02-10T17:19:05","slug":"arnes-pretal-original-superdog-adiestramiento-6","status":"publish","type":"product","link":"https:\/\/mybestfriend.com.ar\/en\/product\/arnes-pretal-original-superdog-adiestramiento-6\/","title":{"rendered":"Arn\u00e9s Pretal Original Superdog Adiestramiento Y Paseo"},"content":{"rendered":"<p>En My Best Friend nos ocupamos en proveer productos de calidad, \u00fatiles y est\u00e9ticos para el cuidado y disfrute de nuestras mascotas.<\/p>\n<p>El Nuevo Arn\u00e9s Anti tirones camuflado con asa de seguridad e identificador SUPERDOG es un accesorio recomendado tanto para perros en proceso de adiestramiento como para aquellos que nos gusta que nuestras mascotas luzcan lo mejor.<\/p>\n<p>Ya sea una salida al parque, en auto o a caminar, el pretal llamativo realzar\u00e1 la belleza de tu mascota.<\/p>\n<p>El aro antitirones corregir\u00e1 progresivamente el mal h\u00e1bito.<\/p>\n<p>Su suave tela contiene respiraci\u00f3n lo que evitar\u00e1 que el pelaje y la piel de tu mascota sufra alg\u00fan da\u00f1o.<\/p>\n<p>Cada modelo esta identificado con las medidas correspondientes a la Talla.<\/p>\n<p>Sugerimos medir el pecho de la mascota antes de confirmar la compra para que est\u00e9s seguro de que estas adquiriendo el talle correcto.<\/p>\n<p>Puedes retirar tu compra en la Zona de Palermo los d\u00edas Lunes a Viernes de 8:30 a 18:30 y S\u00e1bados de 8:30 a 18:00<\/p>","protected":false},"excerpt":{"rendered":"<p><em><strong>Importante verificar bien el talle previamente para evitar errores.<\/strong><\/em><\/p>\n<p><strong>Talle M :<\/strong><br \/>\nCUELLO: M\u00ednimo 38 cm y M\u00e1ximo 54 cm<br \/>\nPECHO: M\u00ednimo 50 cm M\u00e1ximo 74 cm<\/p>\n<p><strong>Talle L :<\/strong><br \/>\nCUELLO: M\u00ednimo 52 cm y M\u00e1ximo 72 cm<br \/>\nPECHO: M\u00ednimo 52 cm y M\u00e1ximo 88 cm<\/p>\n<p><strong>Talle XL:<\/strong><br \/>\nCUELLO: M\u00ednimo 52 y M\u00e1ximo 76 cm<br \/>\nPECHO: M\u00ednimo 58 y M\u00e1ximo 96 cm<\/p>","protected":false},"featured_media":4260,"comment_status":"open","ping_status":"closed","template":"","meta":{"_joinchat":[]},"etheme_brands":[{"term_id":58,"name":"Arneses y Pretales","slug":"arneses-y-pretales","term_group":0,"term_taxonomy_id":58,"taxonomy":"brand","description":"Arn\u00e9s y Pretal para paseos","parent":0,"count":17,"filter":"raw"}],"product_brand":[],"product_cat":[33,20,34,15],"product_tag":[65,64],"class_list":{"0":"post-4259","1":"product","2":"type-product","3":"status-publish","4":"has-post-thumbnail","6":"brand-arneses-y-pretales","7":"product_cat-accesorios","8":"product_cat-ofertas","9":"product_cat-perros","10":"product_cat-todo","11":"product_tag-arnes","12":"product_tag-pretal","13":"product_shipping_class-correo-argentino","15":"first","16":"instock","17":"sale","18":"shipping-taxable","19":"purchasable","20":"product-type-simple"},"_links":{"self":[{"href":"https:\/\/mybestfriend.com.ar\/en\/wp-json\/wp\/v2\/product\/4259","targetHints":{"allow":["GET"]}}],"collection":[{"href":"https:\/\/mybestfriend.com.ar\/en\/wp-json\/wp\/v2\/product"}],"about":[{"href":"https:\/\/mybestfriend.com.ar\/en\/wp-json\/wp\/v2\/types\/product"}],"replies":[{"embeddable":true,"href":"https:\/\/mybestfriend.com.ar\/en\/wp-json\/wp\/v2\/comments?post=4259"}],"version-history":[{"count":2,"href":"https:\/\/mybestfriend.com.ar\/en\/wp-json\/wp\/v2\/product\/4259\/revisions"}],"predecessor-version":[{"id":4325,"href":"https:\/\/mybestfriend.com.ar\/en\/wp-json\/wp\/v2\/product\/4259\/revisions\/4325"}],"wp:featuredmedia":[{"embeddable":true,"href":"https:\/\/mybestfriend.com.ar\/en\/wp-json\/wp\/v2\/media\/4260"}],"wp:attachment":[{"href":"https:\/\/mybestfriend.com.ar\/en\/wp-json\/wp\/v2\/media?parent=4259"}],"wp:term":[{"taxonomy":"brand","embeddable":true,"href":"https:\/\/mybestfriend.com.ar\/en\/wp-json\/wp\/v2\/etheme_brands?post=4259"},{"taxonomy":"product_brand","embeddable":true,"href":"https:\/\/mybestfriend.com.ar\/en\/wp-json\/wp\/v2\/product_brand?post=4259"},{"taxonomy":"product_cat","embeddable":true,"href":"https:\/\/mybestfriend.com.ar\/en\/wp-json\/wp\/v2\/product_cat?post=4259"},{"taxonomy":"product_tag","embeddable":true,"href":"https:\/\/mybestfriend.com.ar\/en\/wp-json\/wp\/v2\/product_tag?post=4259"}],"curies":[{"name":"wp","href":"https:\/\/api.w.org\/{rel}","templated":true}]}}